{"id":43,"date":"2024-09-22T18:45:44","date_gmt":"2024-09-22T16:45:44","guid":{"rendered":"https:\/\/martinafiorio.it\/?page_id=43"},"modified":"2025-05-13T13:29:26","modified_gmt":"2025-05-13T11:29:26","slug":"chi-sono","status":"publish","type":"page","link":"https:\/\/martinafiorio.it\/index.php\/chi-sono\/","title":{"rendered":"Chi sono"},"content":{"rendered":"\n<p>Benvenuti&#8230;<\/p>\n\n\n\n<p>Sono la dottoressa Martina Fiorio,&nbsp;<strong>Psicologa Psicoterapeuta<\/strong>&nbsp;specializzata in Psicologia del Ciclo di Vita ad indirizzo bambino, adolescente, famiglia. Sono Consulente di Coppia, Terapeuta EMDR, Tanatologa. Insegno tecniche di rilassamento (training autogeno, rilassamento frazionato di Vogt,\u2026) e Mindfulness per la gestione dell&#8217;ansia e dello stress. Sono esperta nella psicologia dell&#8217;invecchiamento e del fine vita.<\/p>\n\n\n\n<p>Mi sono formata presso l&#8217;Universit\u00e0 degli Studi di Padova e di Pavia.<\/p>\n\n\n\n<p>Presso il mio studio, ed online, conduco gruppi di Bibliotherapy per la crescita personale attraverso l&#8217;uso di libri; gruppi di elaborazione del lutto per ri-significare la vita; gruppi per persone che affrontano una separazione o che stanno accanto a familiari e\/o amici con patologia, e serate a tema in uno spazio chiamato Attorno al fal\u00f2. <\/p>\n\n\n\n<p>In collaborazione con un istruttore qualificato FDKM, II livello Israelian ju-jitsu \u2013 krav Maga propongo percorsi di gruppo per la difesa personale, fisica e psichica, per donne, all&#8217;interno del progetto DONNA Si-CURA.<\/p>\n\n\n\n<p>Ho collaborato con l&#8217;Universit\u00e0 di Padova presso il servizio SAP e con il Servizio di Neuropsichiatria Infantile e Psicologia dell&#8217;Et\u00e0 Evolutiva di Verona, cos\u00ec come con istituti Comprensivi nel ruolo e di insegnante, prima, e di psicologa scolastica, successivamente. Mi occupo di formazione legata a vari temi di cura del benessere psicologico della persona. La mia attivit\u00e0 professionale \u00e8 basata su una formazione continua e rigorosa e da esperienze maturate in vari ambiti: clinica, scuole, libera professione, volontariato,&#8230; che si integrano in un approccio multifocale alla Persona. La cura del benessere della Persona \u00e8 chiaramente al centro della mia attivit\u00e0 professionale. Lo studio si trova a Soave (VR), inserito in un contesto tranquillo e riservato tale da garantire la privacy di chi chiede la consulenza o procede nella terapia.<\/p>\n","protected":false},"excerpt":{"rendered":"<p>Benvenuti&#8230; Sono la dottoressa Martina Fiorio,&nbsp;Psicologa Psicoterapeuta&nbsp;specializzata in Psicologia del Ciclo di Vita ad indirizzo bambino, adolescente, famiglia. Sono Consulente di Coppia, Terapeuta EMDR, Tanatologa. Insegno tecniche di rilassamento (training autogeno, rilassamento frazionato di Vogt,\u2026) e Mindfulness per la gestione dell&#8217;ansia e dello stress. Sono esperta nella psicologia dell&#8217;invecchiamento e del fine vita. Mi sono [&hellip;]<\/p>\n","protected":false},"author":1,"featured_media":0,"parent":0,"menu_order":0,"comment_status":"closed","ping_status":"closed","template":"","meta":{"footnotes":""},"class_list":["post-43","page","type-page","status-publish","hentry"],"_links":{"self":[{"href":"https:\/\/martinafiorio.it\/index.php\/wp-json\/wp\/v2\/pages\/43","targetHints":{"allow":["GET"]}}],"collection":[{"href":"https:\/\/martinafiorio.it\/index.php\/wp-json\/wp\/v2\/pages"}],"about":[{"href":"https:\/\/martinafiorio.it\/index.php\/wp-json\/wp\/v2\/types\/page"}],"author":[{"embeddable":true,"href":"https:\/\/martinafiorio.it\/index.php\/wp-json\/wp\/v2\/users\/1"}],"replies":[{"embeddable":true,"href":"https:\/\/martinafiorio.it\/index.php\/wp-json\/wp\/v2\/comments?post=43"}],"version-history":[{"count":2,"href":"https:\/\/martinafiorio.it\/index.php\/wp-json\/wp\/v2\/pages\/43\/revisions"}],"predecessor-version":[{"id":106,"href":"https:\/\/martinafiorio.it\/index.php\/wp-json\/wp\/v2\/pages\/43\/revisions\/106"}],"wp:attachment":[{"href":"https:\/\/martinafiorio.it\/index.php\/wp-json\/wp\/v2\/media?parent=43"}],"curies":[{"name":"wp","href":"https:\/\/api.w.org\/{rel}","templated":true}]}}