{"id":49,"date":"2024-09-22T18:55:11","date_gmt":"2024-09-22T16:55:11","guid":{"rendered":"https:\/\/martinafiorio.it\/?page_id=49"},"modified":"2025-05-24T18:07:44","modified_gmt":"2025-05-24T16:07:44","slug":"colloqui-di-sostegno","status":"publish","type":"page","link":"https:\/\/martinafiorio.it\/index.php\/colloqui-di-sostegno\/","title":{"rendered":"COLLOQUI DI SOSTEGNO PSICOLOGICO"},"content":{"rendered":"\n<figure class=\"wp-block-image size-full is-resized\"><img loading=\"lazy\" decoding=\"async\" width=\"297\" height=\"170\" src=\"https:\/\/martinafiorio.it\/wp-content\/uploads\/2025\/05\/image.png\" alt=\"\" class=\"wp-image-180\" style=\"width:479px;height:auto\"\/><\/figure>\n\n\n\n<div class=\"wp-block-group alignfull has-accent-2-background-color has-background has-global-padding is-layout-constrained wp-container-core-group-is-layout-669513ed wp-block-group-is-layout-constrained\" style=\"margin-top:0;margin-bottom:0;padding-top:var(--wp--preset--spacing--50);padding-right:var(--wp--preset--spacing--50);padding-bottom:var(--wp--preset--spacing--50);padding-left:var(--wp--preset--spacing--50)\">\n<div class=\"wp-block-columns alignwide is-layout-flex wp-container-core-columns-is-layout-28f84493 wp-block-columns-is-layout-flex\">\n<div class=\"wp-block-column is-layout-flow wp-block-column-is-layout-flow\" style=\"flex-basis:100%\">\n<p class=\"has-heading-font-family has-large-font-size\" style=\"line-height:1.2\"><\/p>\n\n\n\n<p>Hai bisogno di parlare con qualcuno che ti ascolti davvero, senza giudizio?<br>Ti trovi in un momento difficile e non sai bene da dove cominciare?<br>Senti che qualcosa dentro di te si muove, ma non riesci ancora a dargli un senso?<\/p>\n\n\n\n<p>I colloqui di sostegno sono pensati per offrire un tempo e uno spazio protetto, dove fermarsi, essere accolti, rimettere in ordine pensieri ed emozioni.<br>Sono incontri rivolti a chi attraversa una fase di difficolt\u00e0 personale, relazionale o esistenziale, e desidera un accompagnamento psicologico senza necessariamente intraprendere un percorso terapeutico a lungo termine.<\/p>\n\n\n\n<p>Cerchi un luogo in cui ritrovare un po\u2019 di chiarezza, forza, direzione?<\/p>\n\n\n\n<p>Nel pensiero junghiano, ogni crisi porta con s\u00e9 un significato nascosto, un potenziale trasformativo che pu\u00f2 diventare visibile solo se ascoltato.<br>Il sostegno psicologico non \u00e8 \u201ccura dall\u2019alto\u201d, ma presenza che affianca, luce che orienta nei momenti di oscurit\u00e0.<\/p>\n\n\n\n<p><\/p>\n\n\n\n<p>Se senti che questo \u00e8 il momento di prenderti cura di te, puoi contattarmi. Possiamo iniziare da un primo incontro, per capire insieme di cosa hai bisogno.<\/p>\n\n\n\n<p><a href=\"https:\/\/www.miodottore.it\/martina-fiorio\/psicoterapeuta-psicologo\/soave\">https:\/\/www.miodottore.it\/martina-fiorio\/psicoterapeuta-psicologo\/soave<\/a><\/p>\n<\/div>\n<\/div>\n<\/div>\n","protected":false},"excerpt":{"rendered":"<p>Hai bisogno di parlare con qualcuno che ti ascolti davvero, senza giudizio?Ti trovi in un momento difficile e non sai bene da dove cominciare?Senti che qualcosa dentro di te si muove, ma non riesci ancora a dargli un senso? I colloqui di sostegno sono pensati per offrire un tempo e uno spazio protetto, dove fermarsi, [&hellip;]<\/p>\n","protected":false},"author":1,"featured_media":0,"parent":0,"menu_order":0,"comment_status":"closed","ping_status":"closed","template":"","meta":{"footnotes":""},"class_list":["post-49","page","type-page","status-publish","hentry"],"_links":{"self":[{"href":"https:\/\/martinafiorio.it\/index.php\/wp-json\/wp\/v2\/pages\/49","targetHints":{"allow":["GET"]}}],"collection":[{"href":"https:\/\/martinafiorio.it\/index.php\/wp-json\/wp\/v2\/pages"}],"about":[{"href":"https:\/\/martinafiorio.it\/index.php\/wp-json\/wp\/v2\/types\/page"}],"author":[{"embeddable":true,"href":"https:\/\/martinafiorio.it\/index.php\/wp-json\/wp\/v2\/users\/1"}],"replies":[{"embeddable":true,"href":"https:\/\/martinafiorio.it\/index.php\/wp-json\/wp\/v2\/comments?post=49"}],"version-history":[{"count":7,"href":"https:\/\/martinafiorio.it\/index.php\/wp-json\/wp\/v2\/pages\/49\/revisions"}],"predecessor-version":[{"id":181,"href":"https:\/\/martinafiorio.it\/index.php\/wp-json\/wp\/v2\/pages\/49\/revisions\/181"}],"wp:attachment":[{"href":"https:\/\/martinafiorio.it\/index.php\/wp-json\/wp\/v2\/media?parent=49"}],"curies":[{"name":"wp","href":"https:\/\/api.w.org\/{rel}","templated":true}]}}