{"id":71,"date":"2024-09-22T19:04:07","date_gmt":"2024-09-22T17:04:07","guid":{"rendered":"https:\/\/martinafiorio.it\/?page_id=71"},"modified":"2025-05-13T14:02:26","modified_gmt":"2025-05-13T12:02:26","slug":"bibliotherapy","status":"publish","type":"page","link":"https:\/\/martinafiorio.it\/index.php\/bibliotherapy\/","title":{"rendered":"BIBLIOTHERAPY"},"content":{"rendered":"\n<p><strong>UN PERCORSO DI CRESCITA E RIFLESSIONE PERSONALE<\/strong><\/p>\n\n\n\n<p><strong>ATTRAVERSO I LIBRI ED I PASSAGGI IN GRUPPO<\/strong><\/p>\n\n\n\n<div class=\"wp-block-group alignfull has-accent-2-background-color has-background has-global-padding is-layout-constrained wp-container-core-group-is-layout-669513ed wp-block-group-is-layout-constrained\" style=\"margin-top:0;margin-bottom:0;padding-top:var(--wp--preset--spacing--50);padding-right:var(--wp--preset--spacing--50);padding-bottom:var(--wp--preset--spacing--50);padding-left:var(--wp--preset--spacing--50)\">\n<figure class=\"wp-block-image alignwide size-large is-style-rounded is-style-rounded--1\"><img loading=\"lazy\" decoding=\"async\" width=\"1024\" height=\"682\" src=\"https:\/\/martinafiorio.it\/wp-content\/uploads\/2024\/09\/tea-time-3240766_1280-1024x682.jpg\" alt=\"\" class=\"wp-image-72\" srcset=\"https:\/\/martinafiorio.it\/wp-content\/uploads\/2024\/09\/tea-time-3240766_1280-1024x682.jpg 1024w, https:\/\/martinafiorio.it\/wp-content\/uploads\/2024\/09\/tea-time-3240766_1280-300x200.jpg 300w, https:\/\/martinafiorio.it\/wp-content\/uploads\/2024\/09\/tea-time-3240766_1280-768x512.jpg 768w, https:\/\/martinafiorio.it\/wp-content\/uploads\/2024\/09\/tea-time-3240766_1280.jpg 1280w\" sizes=\"auto, (max-width: 1024px) 100vw, 1024px\" \/><\/figure>\n\n\n\n<div style=\"height:min(4rem, 5vw);width:0px\" aria-hidden=\"true\" class=\"wp-block-spacer\"><\/div>\n\n\n\n<div class=\"wp-block-columns alignwide is-layout-flex wp-container-core-columns-is-layout-28f84493 wp-block-columns-is-layout-flex\">\n<div class=\"wp-block-column is-layout-flow wp-block-column-is-layout-flow\" style=\"flex-basis:100%\">\n<p>Ti \u00e8 mai capitato che un libro ti parlasse come se fosse stato scritto per te?<br>Hai una storia dentro che ha bisogno di essere ascoltata\u2026 magari attraverso le parole di un\u2019altra?<br>Cerchi un modo nuovo, autentico e profondo per prenderti cura di te?<\/p>\n\n\n\n<p>La Bibliotherapy \u00e8 un\u2019esperienza di crescita personale attraverso i libri.<br>Un percorso che unisce il piacere della lettura al desiderio di comprendersi meglio, di dare voce alle emozioni, di trovare senso e risonanza nelle storie degli altri \u2013 e nelle nostre.<\/p>\n\n\n\n<p>In questo percorso di Biblioterapia, ci incontreremo in piccoli gruppi per attraversare insieme alcuni temi esistenziali \u2013 come il cambiamento, la solitudine, l&#8217;amicizia, la forza interiore, il tempo che passa,&#8230; \u2013 lasciandoci guidare dalle pagine che pi\u00f9 ci hanno parlato nella nostra vita. Ognuno potr\u00e0 portare con s\u00e9 uno o pi\u00f9 \u201clibri del cuore\u201d, condividendo contenuti, riflessioni ed emozioni in un clima di ascolto e scambio autentico.<\/p>\n\n\n\n<p>Non servono competenze particolari, e nemmeno vi \u00e8 obbligo di lettura indirizzata quanto il desiderio di mettersi in cammino attraverso le parole e di lasciarsi ispirare dagli altri e dai loro suggerimenti di lettura.<\/p>\n\n\n\n<p>Struttura del percorso<br>\u2022 4 incontri, a cadenza trisettimanale il luned\u00ec dalle 20:00 alle 21:15<br>\u2022 In piccoli gruppi (6-8 persone)<br>\u2022 Ogni incontro sar\u00e0 dedicato a un tema diverso, introdotto e facilitato con sensibilit\u00e0, con in mano un proprio testo a descriverlo.<\/p>\n\n\n\n<p><\/p>\n\n\n\n<p>Un\u2019occasione per riscoprire il potere trasformativo della lettura e creare connessioni profonde attraverso le parole che ci accompagnano.<\/p>\n\n\n\n<p>Per partecipare \u00e8 necessaria la prenotazione. <\/p>\n<\/div>\n<\/div>\n<\/div>\n\n\n\n<p><\/p>\n","protected":false},"excerpt":{"rendered":"<p>UN PERCORSO DI CRESCITA E RIFLESSIONE PERSONALE ATTRAVERSO I LIBRI ED I PASSAGGI IN GRUPPO Ti \u00e8 mai capitato che un libro ti parlasse come se fosse stato scritto per te?Hai una storia dentro che ha bisogno di essere ascoltata\u2026 magari attraverso le parole di un\u2019altra?Cerchi un modo nuovo, autentico e profondo per prenderti cura [&hellip;]<\/p>\n","protected":false},"author":1,"featured_media":0,"parent":0,"menu_order":0,"comment_status":"closed","ping_status":"closed","template":"","meta":{"footnotes":""},"class_list":["post-71","page","type-page","status-publish","hentry"],"_links":{"self":[{"href":"https:\/\/martinafiorio.it\/index.php\/wp-json\/wp\/v2\/pages\/71","targetHints":{"allow":["GET"]}}],"collection":[{"href":"https:\/\/martinafiorio.it\/index.php\/wp-json\/wp\/v2\/pages"}],"about":[{"href":"https:\/\/martinafiorio.it\/index.php\/wp-json\/wp\/v2\/types\/page"}],"author":[{"embeddable":true,"href":"https:\/\/martinafiorio.it\/index.php\/wp-json\/wp\/v2\/users\/1"}],"replies":[{"embeddable":true,"href":"https:\/\/martinafiorio.it\/index.php\/wp-json\/wp\/v2\/comments?post=71"}],"version-history":[{"count":4,"href":"https:\/\/martinafiorio.it\/index.php\/wp-json\/wp\/v2\/pages\/71\/revisions"}],"predecessor-version":[{"id":112,"href":"https:\/\/martinafiorio.it\/index.php\/wp-json\/wp\/v2\/pages\/71\/revisions\/112"}],"wp:attachment":[{"href":"https:\/\/martinafiorio.it\/index.php\/wp-json\/wp\/v2\/media?parent=71"}],"curies":[{"name":"wp","href":"https:\/\/api.w.org\/{rel}","templated":true}]}}